{"id":36,"date":"2022-07-17T09:36:10","date_gmt":"2022-07-17T09:36:10","guid":{"rendered":"https:\/\/marcstschibi.ch\/?page_id=36"},"modified":"2025-11-10T08:41:51","modified_gmt":"2025-11-10T07:41:51","slug":"ueber-uns","status":"publish","type":"page","link":"https:\/\/marcstschibi.ch\/index.php\/ueber-uns\/","title":{"rendered":"Team"},"content":{"rendered":"\t\t<div data-elementor-type=\"wp-page\" data-elementor-id=\"36\" class=\"elementor elementor-36\">\n\t\t\t\t\t\t\t\t\t<section class=\"elementor-section elementor-top-section elementor-element elementor-element-9729ab2 elementor-section-boxed elementor-section-height-default elementor-section-height-default\" data-id=\"9729ab2\" data-element_type=\"section\">\n\t\t\t\t\t\t<div class=\"elementor-container elementor-column-gap-default\">\n\t\t\t\t\t<div class=\"elementor-column elementor-col-100 elementor-top-column elementor-element elementor-element-6894800\" data-id=\"6894800\" data-element_type=\"column\">\n\t\t\t<div class=\"elementor-widget-wrap elementor-element-populated\">\n\t\t\t\t\t\t\t\t<div class=\"elementor-element elementor-element-f5df966 elementor-widget elementor-widget-heading\" data-id=\"f5df966\" data-element_type=\"widget\" data-widget_type=\"heading.default\">\n\t\t\t\t<div class=\"elementor-widget-container\">\n\t\t\t<style>\/*! elementor - v3.8.0 - 30-10-2022 *\/\n.elementor-heading-title{padding:0;margin:0;line-height:1}.elementor-widget-heading .elementor-heading-title[class*=elementor-size-]>a{color:inherit;font-size:inherit;line-height:inherit}.elementor-widget-heading .elementor-heading-title.elementor-size-small{font-size:15px}.elementor-widget-heading .elementor-heading-title.elementor-size-medium{font-size:19px}.elementor-widget-heading .elementor-heading-title.elementor-size-large{font-size:29px}.elementor-widget-heading .elementor-heading-title.elementor-size-xl{font-size:39px}.elementor-widget-heading .elementor-heading-title.elementor-size-xxl{font-size:59px}<\/style><h2 class=\"elementor-heading-title elementor-size-default\">tschibi Team<\/h2>\t\t<\/div>\n\t\t\t\t<\/div>\n\t\t\t\t<div class=\"elementor-element elementor-element-275552b elementor-widget elementor-widget-image\" data-id=\"275552b\" data-element_type=\"widget\" data-widget_type=\"image.default\">\n\t\t\t\t<div class=\"elementor-widget-container\">\n\t\t\t<style>\/*! elementor - v3.8.0 - 30-10-2022 *\/\n.elementor-widget-image{text-align:center}.elementor-widget-image a{display:inline-block}.elementor-widget-image a img[src$=\".svg\"]{width:48px}.elementor-widget-image img{vertical-align:middle;display:inline-block}<\/style>\t\t\t\t\t\t\t\t\t\t\t\t<img loading=\"lazy\" decoding=\"async\" width=\"768\" height=\"1024\" src=\"https:\/\/marcstschibi.ch\/wp-content\/uploads\/2025\/11\/20251108_175401-768x1024.jpg\" class=\"attachment-medium_large size-medium_large\" alt=\"\" srcset=\"https:\/\/marcstschibi.ch\/wp-content\/uploads\/2025\/11\/20251108_175401-768x1024.jpg 768w, https:\/\/marcstschibi.ch\/wp-content\/uploads\/2025\/11\/20251108_175401-225x300.jpg 225w, https:\/\/marcstschibi.ch\/wp-content\/uploads\/2025\/11\/20251108_175401-1152x1536.jpg 1152w, https:\/\/marcstschibi.ch\/wp-content\/uploads\/2025\/11\/20251108_175401-1536x2048.jpg 1536w, https:\/\/marcstschibi.ch\/wp-content\/uploads\/2025\/11\/20251108_175401-scaled.jpg 1920w\" sizes=\"auto, (max-width: 768px) 100vw, 768px\" \/>\t\t\t\t\t\t\t\t\t\t\t\t\t\t\t<\/div>\n\t\t\t\t<\/div>\n\t\t\t\t\t<\/div>\n\t\t<\/div>\n\t\t\t\t\t\t\t<\/div>\n\t\t<\/section>\n\t\t\t\t<section class=\"elementor-section elementor-top-section elementor-element elementor-element-fbaa2ff elementor-section-boxed elementor-section-height-default elementor-section-height-default\" data-id=\"fbaa2ff\" data-element_type=\"section\">\n\t\t\t\t\t\t<div class=\"elementor-container elementor-column-gap-default\">\n\t\t\t\t\t<div class=\"elementor-column elementor-col-33 elementor-top-column elementor-element elementor-element-2c00bd1\" data-id=\"2c00bd1\" data-element_type=\"column\">\n\t\t\t<div class=\"elementor-widget-wrap elementor-element-populated\">\n\t\t\t\t\t\t\t\t<div class=\"elementor-element elementor-element-3b63e401 elementor-vertical-align-middle elementor-position-top elementor-widget elementor-widget-image-box\" data-id=\"3b63e401\" data-element_type=\"widget\" data-widget_type=\"image-box.default\">\n\t\t\t\t<div class=\"elementor-widget-container\">\n\t\t\t<style>\/*! elementor - v3.8.0 - 30-10-2022 *\/\n.elementor-widget-image-box .elementor-image-box-content{width:100%}@media (min-width:768px){.elementor-widget-image-box.elementor-position-left .elementor-image-box-wrapper,.elementor-widget-image-box.elementor-position-right .elementor-image-box-wrapper{display:-webkit-box;display:-ms-flexbox;display:flex}.elementor-widget-image-box.elementor-position-right .elementor-image-box-wrapper{text-align:right;-webkit-box-orient:horizontal;-webkit-box-direction:reverse;-ms-flex-direction:row-reverse;flex-direction:row-reverse}.elementor-widget-image-box.elementor-position-left .elementor-image-box-wrapper{text-align:left;-webkit-box-orient:horizontal;-webkit-box-direction:normal;-ms-flex-direction:row;flex-direction:row}.elementor-widget-image-box.elementor-position-top .elementor-image-box-img{margin:auto}.elementor-widget-image-box.elementor-vertical-align-top .elementor-image-box-wrapper{-webkit-box-align:start;-ms-flex-align:start;align-items:flex-start}.elementor-widget-image-box.elementor-vertical-align-middle .elementor-image-box-wrapper{-webkit-box-align:center;-ms-flex-align:center;align-items:center}.elementor-widget-image-box.elementor-vertical-align-bottom .elementor-image-box-wrapper{-webkit-box-align:end;-ms-flex-align:end;align-items:flex-end}}@media (max-width:767px){.elementor-widget-image-box .elementor-image-box-img{margin-left:auto!important;margin-right:auto!important;margin-bottom:15px}}.elementor-widget-image-box .elementor-image-box-img{display:inline-block}.elementor-widget-image-box .elementor-image-box-title a{color:inherit}.elementor-widget-image-box .elementor-image-box-wrapper{text-align:center}.elementor-widget-image-box .elementor-image-box-description{margin:0}<\/style><div class=\"elementor-image-box-wrapper\"><figure class=\"elementor-image-box-img\"><img loading=\"lazy\" decoding=\"async\" width=\"768\" height=\"1023\" src=\"https:\/\/marcstschibi.ch\/wp-content\/uploads\/2022\/10\/20221012_162555-768x1023.jpg\" class=\"attachment-medium_large size-medium_large\" alt=\"\" \/><\/figure><div class=\"elementor-image-box-content\"><h3 class=\"elementor-image-box-title\">Marion R\u00f6gner<\/h3><p class=\"elementor-image-box-description\">Service<\/p><\/div><\/div>\t\t<\/div>\n\t\t\t\t<\/div>\n\t\t\t\t\t<\/div>\n\t\t<\/div>\n\t\t\t\t<div class=\"elementor-column elementor-col-33 elementor-top-column elementor-element elementor-element-18532a7\" data-id=\"18532a7\" data-element_type=\"column\">\n\t\t\t<div class=\"elementor-widget-wrap elementor-element-populated\">\n\t\t\t\t\t\t\t\t<div class=\"elementor-element elementor-element-49270328 elementor-vertical-align-middle elementor-position-top elementor-widget elementor-widget-image-box\" data-id=\"49270328\" data-element_type=\"widget\" data-widget_type=\"image-box.default\">\n\t\t\t\t<div class=\"elementor-widget-container\">\n\t\t\t<div class=\"elementor-image-box-wrapper\"><figure class=\"elementor-image-box-img\"><img loading=\"lazy\" decoding=\"async\" width=\"768\" height=\"1014\" src=\"https:\/\/marcstschibi.ch\/wp-content\/uploads\/2022\/10\/20220929_Schuepfen_Leimernstr_1_Marc_Portrait_10x15cm_SCB0662-e1667123274690-768x1014.jpg\" class=\"attachment-medium_large size-medium_large\" alt=\"\" \/><\/figure><div class=\"elementor-image-box-content\"><h3 class=\"elementor-image-box-title\">Marc H\u00e4nni<\/h3><p class=\"elementor-image-box-description\">Gesch\u00e4ftsf\u00fchrer<br>\nInhaber<\/p><\/div><\/div>\t\t<\/div>\n\t\t\t\t<\/div>\n\t\t\t\t\t<\/div>\n\t\t<\/div>\n\t\t\t\t<div class=\"elementor-column elementor-col-33 elementor-top-column elementor-element elementor-element-7653ee7\" data-id=\"7653ee7\" data-element_type=\"column\">\n\t\t\t<div class=\"elementor-widget-wrap elementor-element-populated\">\n\t\t\t\t\t\t\t\t<div class=\"elementor-element elementor-element-5d864cf elementor-vertical-align-middle elementor-position-top elementor-widget elementor-widget-image-box\" data-id=\"5d864cf\" data-element_type=\"widget\" data-widget_type=\"image-box.default\">\n\t\t\t\t<div class=\"elementor-widget-container\">\n\t\t\t<div class=\"elementor-image-box-wrapper\"><figure class=\"elementor-image-box-img\"><img loading=\"lazy\" decoding=\"async\" width=\"2048\" height=\"1666\" src=\"https:\/\/marcstschibi.ch\/wp-content\/uploads\/2025\/11\/20251110_083622-2048x1666.jpg\" class=\"attachment-2048x2048 size-2048x2048\" alt=\"\" \/><\/figure><div class=\"elementor-image-box-content\"><h3 class=\"elementor-image-box-title\">Andy Schneiter<\/h3><p class=\"elementor-image-box-description\">Koch<\/p><\/div><\/div>\t\t<\/div>\n\t\t\t\t<\/div>\n\t\t\t\t\t<\/div>\n\t\t<\/div>\n\t\t\t\t\t\t\t<\/div>\n\t\t<\/section>\n\t\t\t\t<section class=\"elementor-section elementor-top-section elementor-element elementor-element-7e12de9 elementor-section-boxed elementor-section-height-default elementor-section-height-default\" data-id=\"7e12de9\" data-element_type=\"section\">\n\t\t\t\t\t\t<div class=\"elementor-container elementor-column-gap-default\">\n\t\t\t\t\t<div class=\"elementor-column elementor-col-100 elementor-top-column elementor-element elementor-element-e3c2a10\" data-id=\"e3c2a10\" data-element_type=\"column\">\n\t\t\t<div class=\"elementor-widget-wrap elementor-element-populated\">\n\t\t\t\t\t\t\t\t<div class=\"elementor-element elementor-element-b65582a elementor-widget elementor-widget-spacer\" data-id=\"b65582a\" data-element_type=\"widget\" data-widget_type=\"spacer.default\">\n\t\t\t\t<div class=\"elementor-widget-container\">\n\t\t\t<style>\/*! elementor - v3.8.0 - 30-10-2022 *\/\n.elementor-column .elementor-spacer-inner{height:var(--spacer-size)}.e-con{--container-widget-width:100%}.e-con-inner>.elementor-widget-spacer,.e-con>.elementor-widget-spacer{width:var(--container-widget-width,var(--spacer-size));-ms-flex-item-align:stretch;align-self:stretch;-ms-flex-negative:0;flex-shrink:0}.e-con-inner>.elementor-widget-spacer>.elementor-widget-container,.e-con-inner>.elementor-widget-spacer>.elementor-widget-container>.elementor-spacer,.e-con>.elementor-widget-spacer>.elementor-widget-container,.e-con>.elementor-widget-spacer>.elementor-widget-container>.elementor-spacer{height:100%}.e-con-inner>.elementor-widget-spacer>.elementor-widget-container>.elementor-spacer>.elementor-spacer-inner,.e-con>.elementor-widget-spacer>.elementor-widget-container>.elementor-spacer>.elementor-spacer-inner{height:var(--container-widget-height,var(--spacer-size))}<\/style>\t\t<div class=\"elementor-spacer\">\n\t\t\t<div class=\"elementor-spacer-inner\"><\/div>\n\t\t<\/div>\n\t\t\t\t<\/div>\n\t\t\t\t<\/div>\n\t\t\t\t\t<\/div>\n\t\t<\/div>\n\t\t\t\t\t\t\t<\/div>\n\t\t<\/section>\n\t\t\t\t\t\t\t<\/div>\n\t\t","protected":false},"excerpt":{"rendered":"<p>tschibi Team Marion R\u00f6gner Service Marc H\u00e4nni Gesch\u00e4ftsf\u00fchrer Inhaber Andy Schneiter Koch<\/p>\n","protected":false},"author":1,"featured_media":0,"parent":0,"menu_order":0,"comment_status":"closed","ping_status":"closed","template":"elementor_theme","meta":{"footnotes":"","_expiration-date-status":"","_expiration-date":0,"_expiration-date-type":"","_expiration-date-categories":[],"_expiration-date-options":[]},"class_list":["post-36","page","type-page","status-publish","hentry"],"yoast_head":"<!-- This site is optimized with the Yoast SEO plugin v19.9 - https:\/\/yoast.com\/wordpress\/plugins\/seo\/ -->\n<title>Team - MARCS tschibi<\/title>\n<meta name=\"robots\" content=\"index, follow, max-snippet:-1, max-image-preview:large, max-video-preview:-1\" \/>\n<link rel=\"canonical\" href=\"https:\/\/marcstschibi.ch\/index.php\/ueber-uns\/\" \/>\n<meta property=\"og:locale\" content=\"de_DE\" \/>\n<meta property=\"og:type\" content=\"article\" \/>\n<meta property=\"og:title\" content=\"Team - MARCS tschibi\" \/>\n<meta property=\"og:description\" content=\"tschibi Team Marion R\u00f6gner Service Marc H\u00e4nni Gesch\u00e4ftsf\u00fchrer Inhaber Andy Schneiter Koch\" \/>\n<meta property=\"og:url\" content=\"https:\/\/marcstschibi.ch\/index.php\/ueber-uns\/\" \/>\n<meta property=\"og:site_name\" content=\"MARCS tschibi\" \/>\n<meta property=\"article:modified_time\" content=\"2025-11-10T07:41:51+00:00\" \/>\n<meta property=\"og:image\" content=\"https:\/\/marcstschibi.ch\/wp-content\/uploads\/2025\/11\/20251108_175401-768x1024.jpg\" \/>\n<meta name=\"twitter:card\" content=\"summary_large_image\" \/>\n<meta name=\"twitter:label1\" content=\"Gesch\u00e4tzte Lesezeit\" \/>\n\t<meta name=\"twitter:data1\" content=\"1\u00a0Minute\" \/>\n<script type=\"application\/ld+json\" class=\"yoast-schema-graph\">{\"@context\":\"https:\/\/schema.org\",\"@graph\":[{\"@type\":\"WebPage\",\"@id\":\"https:\/\/marcstschibi.ch\/index.php\/ueber-uns\/\",\"url\":\"https:\/\/marcstschibi.ch\/index.php\/ueber-uns\/\",\"name\":\"Team - MARCS tschibi\",\"isPartOf\":{\"@id\":\"https:\/\/marcstschibi.ch\/#website\"},\"datePublished\":\"2022-07-17T09:36:10+00:00\",\"dateModified\":\"2025-11-10T07:41:51+00:00\",\"breadcrumb\":{\"@id\":\"https:\/\/marcstschibi.ch\/index.php\/ueber-uns\/#breadcrumb\"},\"inLanguage\":\"de\",\"potentialAction\":[{\"@type\":\"ReadAction\",\"target\":[\"https:\/\/marcstschibi.ch\/index.php\/ueber-uns\/\"]}]},{\"@type\":\"BreadcrumbList\",\"@id\":\"https:\/\/marcstschibi.ch\/index.php\/ueber-uns\/#breadcrumb\",\"itemListElement\":[{\"@type\":\"ListItem\",\"position\":1,\"name\":\"Startseite\",\"item\":\"https:\/\/marcstschibi.ch\/\"},{\"@type\":\"ListItem\",\"position\":2,\"name\":\"Team\"}]},{\"@type\":\"WebSite\",\"@id\":\"https:\/\/marcstschibi.ch\/#website\",\"url\":\"https:\/\/marcstschibi.ch\/\",\"name\":\"MARCS tschibi\",\"description\":\"ESSEN &amp; TRINKEN\",\"publisher\":{\"@id\":\"https:\/\/marcstschibi.ch\/#organization\"},\"potentialAction\":[{\"@type\":\"SearchAction\",\"target\":{\"@type\":\"EntryPoint\",\"urlTemplate\":\"https:\/\/marcstschibi.ch\/?s={search_term_string}\"},\"query-input\":\"required name=search_term_string\"}],\"inLanguage\":\"de\"},{\"@type\":\"Organization\",\"@id\":\"https:\/\/marcstschibi.ch\/#organization\",\"name\":\"MARCS tschibi\",\"url\":\"https:\/\/marcstschibi.ch\/\",\"logo\":{\"@type\":\"ImageObject\",\"inLanguage\":\"de\",\"@id\":\"https:\/\/marcstschibi.ch\/#\/schema\/logo\/image\/\",\"url\":\"https:\/\/marcstschibi.ch\/wp-content\/uploads\/2022\/07\/02_Tschibi_Logo-scaled.jpg\",\"contentUrl\":\"https:\/\/marcstschibi.ch\/wp-content\/uploads\/2022\/07\/02_Tschibi_Logo-scaled.jpg\",\"width\":2560,\"height\":2083,\"caption\":\"MARCS tschibi\"},\"image\":{\"@id\":\"https:\/\/marcstschibi.ch\/#\/schema\/logo\/image\/\"}}]}<\/script>\n<!-- \/ Yoast SEO plugin. -->","yoast_head_json":{"title":"Team - MARCS tschibi","robots":{"index":"index","follow":"follow","max-snippet":"max-snippet:-1","max-image-preview":"max-image-preview:large","max-video-preview":"max-video-preview:-1"},"canonical":"https:\/\/marcstschibi.ch\/index.php\/ueber-uns\/","og_locale":"de_DE","og_type":"article","og_title":"Team - MARCS tschibi","og_description":"tschibi Team Marion R\u00f6gner Service Marc H\u00e4nni Gesch\u00e4ftsf\u00fchrer Inhaber Andy Schneiter Koch","og_url":"https:\/\/marcstschibi.ch\/index.php\/ueber-uns\/","og_site_name":"MARCS tschibi","article_modified_time":"2025-11-10T07:41:51+00:00","og_image":[{"url":"https:\/\/marcstschibi.ch\/wp-content\/uploads\/2025\/11\/20251108_175401-768x1024.jpg"}],"twitter_card":"summary_large_image","twitter_misc":{"Gesch\u00e4tzte Lesezeit":"1\u00a0Minute"},"schema":{"@context":"https:\/\/schema.org","@graph":[{"@type":"WebPage","@id":"https:\/\/marcstschibi.ch\/index.php\/ueber-uns\/","url":"https:\/\/marcstschibi.ch\/index.php\/ueber-uns\/","name":"Team - MARCS tschibi","isPartOf":{"@id":"https:\/\/marcstschibi.ch\/#website"},"datePublished":"2022-07-17T09:36:10+00:00","dateModified":"2025-11-10T07:41:51+00:00","breadcrumb":{"@id":"https:\/\/marcstschibi.ch\/index.php\/ueber-uns\/#breadcrumb"},"inLanguage":"de","potentialAction":[{"@type":"ReadAction","target":["https:\/\/marcstschibi.ch\/index.php\/ueber-uns\/"]}]},{"@type":"BreadcrumbList","@id":"https:\/\/marcstschibi.ch\/index.php\/ueber-uns\/#breadcrumb","itemListElement":[{"@type":"ListItem","position":1,"name":"Startseite","item":"https:\/\/marcstschibi.ch\/"},{"@type":"ListItem","position":2,"name":"Team"}]},{"@type":"WebSite","@id":"https:\/\/marcstschibi.ch\/#website","url":"https:\/\/marcstschibi.ch\/","name":"MARCS tschibi","description":"ESSEN &amp; TRINKEN","publisher":{"@id":"https:\/\/marcstschibi.ch\/#organization"},"potentialAction":[{"@type":"SearchAction","target":{"@type":"EntryPoint","urlTemplate":"https:\/\/marcstschibi.ch\/?s={search_term_string}"},"query-input":"required name=search_term_string"}],"inLanguage":"de"},{"@type":"Organization","@id":"https:\/\/marcstschibi.ch\/#organization","name":"MARCS tschibi","url":"https:\/\/marcstschibi.ch\/","logo":{"@type":"ImageObject","inLanguage":"de","@id":"https:\/\/marcstschibi.ch\/#\/schema\/logo\/image\/","url":"https:\/\/marcstschibi.ch\/wp-content\/uploads\/2022\/07\/02_Tschibi_Logo-scaled.jpg","contentUrl":"https:\/\/marcstschibi.ch\/wp-content\/uploads\/2022\/07\/02_Tschibi_Logo-scaled.jpg","width":2560,"height":2083,"caption":"MARCS tschibi"},"image":{"@id":"https:\/\/marcstschibi.ch\/#\/schema\/logo\/image\/"}}]}},"_links":{"self":[{"href":"https:\/\/marcstschibi.ch\/index.php\/wp-json\/wp\/v2\/pages\/36","targetHints":{"allow":["GET"]}}],"collection":[{"href":"https:\/\/marcstschibi.ch\/index.php\/wp-json\/wp\/v2\/pages"}],"about":[{"href":"https:\/\/marcstschibi.ch\/index.php\/wp-json\/wp\/v2\/types\/page"}],"author":[{"embeddable":true,"href":"https:\/\/marcstschibi.ch\/index.php\/wp-json\/wp\/v2\/users\/1"}],"replies":[{"embeddable":true,"href":"https:\/\/marcstschibi.ch\/index.php\/wp-json\/wp\/v2\/comments?post=36"}],"version-history":[{"count":74,"href":"https:\/\/marcstschibi.ch\/index.php\/wp-json\/wp\/v2\/pages\/36\/revisions"}],"predecessor-version":[{"id":3235,"href":"https:\/\/marcstschibi.ch\/index.php\/wp-json\/wp\/v2\/pages\/36\/revisions\/3235"}],"wp:attachment":[{"href":"https:\/\/marcstschibi.ch\/index.php\/wp-json\/wp\/v2\/media?parent=36"}],"curies":[{"name":"wp","href":"https:\/\/api.w.org\/{rel}","templated":true}]}}